{"id":2594,"date":"2020-11-26T14:27:20","date_gmt":"2020-11-26T14:27:20","guid":{"rendered":"https:\/\/nieuw.budgetteerwerk.nl\/?page_id=2594"},"modified":"2020-12-03T13:33:59","modified_gmt":"2020-12-03T13:33:59","slug":"mentorschap","status":"publish","type":"page","link":"https:\/\/www.budgetteerwerk.nl\/index.php\/mentorschap\/","title":{"rendered":"Mentorschap"},"content":{"rendered":"<p>Professioneel mentorschap in heel Noord-Nederland Wanneer u in een zorginstelling woont of zorg van een zorginstelling ontvangt, kan het prettig zijn wanneer iemand u en uw zaken kan vertegenwoordigen. Budgetteerwerk verzorgt mentorschap in Noord-Nederland en helpt haar <a href=\"https:\/\/www.budgetteerwerk.nl\/index.php\/mentorschap\/\" title=\"Read more on Mentorschap\" class=\"more-link\">read more<\/a><\/p>\n","protected":false},"excerpt":{"rendered":"<p>Professioneel mentorschap in heel Noord-Nederland Wanneer u in een zorginstelling woont of zorg van een zorginstelling ontvangt, kan het prettig zijn wanneer iemand u en uw zaken kan vertegenwoordigen. Budgetteerwerk verzorgt mentorschap in Noord-Nederland en helpt haar read more<\/p>\n","protected":false},"author":1,"featured_media":0,"parent":0,"menu_order":0,"comment_status":"closed","ping_status":"closed","template":"","meta":[],"yoast_head":"<!-- This site is optimized with the Yoast SEO plugin v16.7 - https:\/\/yoast.com\/wordpress\/plugins\/seo\/ -->\n<title>Mentorschap - Budgetteerwerk<\/title>\n<meta name=\"description\" content=\"Wanneer u in een zorginstelling woont of zorg van een zorginstelling ontvangt, kan het prettig zijn wanneer iemand u en uw zaken kan vertegenwoordigen. Budgetteerwerk verzorgt mentorschap in Noord-Nederland en helpt haar cli\u00ebnten bij het nemen van beslissingen over verzorging, verpleging en behandeling. U hebt altijd te maken met \u00e9\u00e9n en dezelfde persoon die u kan helpen bij te nemen beslissingen en die u kan adviseren en bijstaan in de zorg die u wenst.\" \/>\n<meta name=\"robots\" content=\"index, follow, max-snippet:-1, max-image-preview:large, max-video-preview:-1\" \/>\n<link rel=\"canonical\" href=\"https:\/\/www.budgetteerwerk.nl\/index.php\/mentorschap\/\" \/>\n<meta property=\"og:locale\" content=\"nl_NL\" \/>\n<meta property=\"og:type\" content=\"article\" \/>\n<meta property=\"og:title\" content=\"Mentorschap - Budgetteerwerk\" \/>\n<meta property=\"og:description\" content=\"Wanneer u in een zorginstelling woont of zorg van een zorginstelling ontvangt, kan het prettig zijn wanneer iemand u en uw zaken kan vertegenwoordigen. Budgetteerwerk verzorgt mentorschap in Noord-Nederland en helpt haar cli\u00ebnten bij het nemen van beslissingen over verzorging, verpleging en behandeling. U hebt altijd te maken met \u00e9\u00e9n en dezelfde persoon die u kan helpen bij te nemen beslissingen en die u kan adviseren en bijstaan in de zorg die u wenst.\" \/>\n<meta property=\"og:url\" content=\"https:\/\/www.budgetteerwerk.nl\/index.php\/mentorschap\/\" \/>\n<meta property=\"og:site_name\" content=\"Budgetteerwerk\" \/>\n<meta property=\"article:publisher\" content=\"https:\/\/www.facebook.com\/budgetteerwerk.nl\" \/>\n<meta property=\"article:modified_time\" content=\"2020-12-03T13:33:59+00:00\" \/>\n<meta name=\"twitter:card\" content=\"summary_large_image\" \/>\n<meta name=\"twitter:site\" content=\"@budgetteerwerk\" \/>\n<meta name=\"twitter:label1\" content=\"Geschatte leestijd\" \/>\n\t<meta name=\"twitter:data1\" content=\"2 minuten\" \/>\n<script type=\"application\/ld+json\" class=\"yoast-schema-graph\">{\"@context\":\"https:\/\/schema.org\",\"@graph\":[{\"@type\":\"Organization\",\"@id\":\"https:\/\/www.budgetteerwerk.nl\/#organization\",\"name\":\"Budgetteerwerk\",\"url\":\"https:\/\/www.budgetteerwerk.nl\/\",\"sameAs\":[\"https:\/\/www.facebook.com\/budgetteerwerk.nl\",\"https:\/\/www.linkedin.com\/pub\/ageeth-ziel\/11\/331\/98\",\"https:\/\/twitter.com\/budgetteerwerk\"],\"logo\":{\"@type\":\"ImageObject\",\"@id\":\"https:\/\/www.budgetteerwerk.nl\/#logo\",\"inLanguage\":\"nl\",\"url\":\"https:\/\/www.budgetteerwerk.nl\/wp-content\/uploads\/2020\/11\/logo.png\",\"contentUrl\":\"https:\/\/www.budgetteerwerk.nl\/wp-content\/uploads\/2020\/11\/logo.png\",\"width\":120,\"height\":51,\"caption\":\"Budgetteerwerk\"},\"image\":{\"@id\":\"https:\/\/www.budgetteerwerk.nl\/#logo\"}},{\"@type\":\"WebSite\",\"@id\":\"https:\/\/www.budgetteerwerk.nl\/#website\",\"url\":\"https:\/\/www.budgetteerwerk.nl\/\",\"name\":\"Budgetteerwerk\",\"description\":\"\",\"publisher\":{\"@id\":\"https:\/\/www.budgetteerwerk.nl\/#organization\"},\"potentialAction\":[{\"@type\":\"SearchAction\",\"target\":{\"@type\":\"EntryPoint\",\"urlTemplate\":\"https:\/\/www.budgetteerwerk.nl\/?s={search_term_string}\"},\"query-input\":\"required name=search_term_string\"}],\"inLanguage\":\"nl\"},{\"@type\":\"WebPage\",\"@id\":\"https:\/\/www.budgetteerwerk.nl\/index.php\/mentorschap\/#webpage\",\"url\":\"https:\/\/www.budgetteerwerk.nl\/index.php\/mentorschap\/\",\"name\":\"Mentorschap - Budgetteerwerk\",\"isPartOf\":{\"@id\":\"https:\/\/www.budgetteerwerk.nl\/#website\"},\"datePublished\":\"2020-11-26T14:27:20+00:00\",\"dateModified\":\"2020-12-03T13:33:59+00:00\",\"description\":\"Wanneer u in een zorginstelling woont of zorg van een zorginstelling ontvangt, kan het prettig zijn wanneer iemand u en uw zaken kan vertegenwoordigen. Budgetteerwerk verzorgt mentorschap in Noord-Nederland en helpt haar cli\\u00ebnten bij het nemen van beslissingen over verzorging, verpleging en behandeling. U hebt altijd te maken met \\u00e9\\u00e9n en dezelfde persoon die u kan helpen bij te nemen beslissingen en die u kan adviseren en bijstaan in de zorg die u wenst.\",\"breadcrumb\":{\"@id\":\"https:\/\/www.budgetteerwerk.nl\/index.php\/mentorschap\/#breadcrumb\"},\"inLanguage\":\"nl\",\"potentialAction\":[{\"@type\":\"ReadAction\",\"target\":[\"https:\/\/www.budgetteerwerk.nl\/index.php\/mentorschap\/\"]}]},{\"@type\":\"BreadcrumbList\",\"@id\":\"https:\/\/www.budgetteerwerk.nl\/index.php\/mentorschap\/#breadcrumb\",\"itemListElement\":[{\"@type\":\"ListItem\",\"position\":1,\"name\":\"Home\",\"item\":\"https:\/\/www.budgetteerwerk.nl\/\"},{\"@type\":\"ListItem\",\"position\":2,\"name\":\"Mentorschap\"}]}]}<\/script>\n<!-- \/ Yoast SEO plugin. -->","yoast_head_json":{"title":"Mentorschap - Budgetteerwerk","description":"Wanneer u in een zorginstelling woont of zorg van een zorginstelling ontvangt, kan het prettig zijn wanneer iemand u en uw zaken kan vertegenwoordigen. Budgetteerwerk verzorgt mentorschap in Noord-Nederland en helpt haar cli\u00ebnten bij het nemen van beslissingen over verzorging, verpleging en behandeling. U hebt altijd te maken met \u00e9\u00e9n en dezelfde persoon die u kan helpen bij te nemen beslissingen en die u kan adviseren en bijstaan in de zorg die u wenst.","robots":{"index":"index","follow":"follow","max-snippet":"max-snippet:-1","max-image-preview":"max-image-preview:large","max-video-preview":"max-video-preview:-1"},"canonical":"https:\/\/www.budgetteerwerk.nl\/index.php\/mentorschap\/","og_locale":"nl_NL","og_type":"article","og_title":"Mentorschap - Budgetteerwerk","og_description":"Wanneer u in een zorginstelling woont of zorg van een zorginstelling ontvangt, kan het prettig zijn wanneer iemand u en uw zaken kan vertegenwoordigen. Budgetteerwerk verzorgt mentorschap in Noord-Nederland en helpt haar cli\u00ebnten bij het nemen van beslissingen over verzorging, verpleging en behandeling. U hebt altijd te maken met \u00e9\u00e9n en dezelfde persoon die u kan helpen bij te nemen beslissingen en die u kan adviseren en bijstaan in de zorg die u wenst.","og_url":"https:\/\/www.budgetteerwerk.nl\/index.php\/mentorschap\/","og_site_name":"Budgetteerwerk","article_publisher":"https:\/\/www.facebook.com\/budgetteerwerk.nl","article_modified_time":"2020-12-03T13:33:59+00:00","twitter_card":"summary_large_image","twitter_site":"@budgetteerwerk","twitter_misc":{"Geschatte leestijd":"2 minuten"},"schema":{"@context":"https:\/\/schema.org","@graph":[{"@type":"Organization","@id":"https:\/\/www.budgetteerwerk.nl\/#organization","name":"Budgetteerwerk","url":"https:\/\/www.budgetteerwerk.nl\/","sameAs":["https:\/\/www.facebook.com\/budgetteerwerk.nl","https:\/\/www.linkedin.com\/pub\/ageeth-ziel\/11\/331\/98","https:\/\/twitter.com\/budgetteerwerk"],"logo":{"@type":"ImageObject","@id":"https:\/\/www.budgetteerwerk.nl\/#logo","inLanguage":"nl","url":"https:\/\/www.budgetteerwerk.nl\/wp-content\/uploads\/2020\/11\/logo.png","contentUrl":"https:\/\/www.budgetteerwerk.nl\/wp-content\/uploads\/2020\/11\/logo.png","width":120,"height":51,"caption":"Budgetteerwerk"},"image":{"@id":"https:\/\/www.budgetteerwerk.nl\/#logo"}},{"@type":"WebSite","@id":"https:\/\/www.budgetteerwerk.nl\/#website","url":"https:\/\/www.budgetteerwerk.nl\/","name":"Budgetteerwerk","description":"","publisher":{"@id":"https:\/\/www.budgetteerwerk.nl\/#organization"},"potentialAction":[{"@type":"SearchAction","target":{"@type":"EntryPoint","urlTemplate":"https:\/\/www.budgetteerwerk.nl\/?s={search_term_string}"},"query-input":"required name=search_term_string"}],"inLanguage":"nl"},{"@type":"WebPage","@id":"https:\/\/www.budgetteerwerk.nl\/index.php\/mentorschap\/#webpage","url":"https:\/\/www.budgetteerwerk.nl\/index.php\/mentorschap\/","name":"Mentorschap - Budgetteerwerk","isPartOf":{"@id":"https:\/\/www.budgetteerwerk.nl\/#website"},"datePublished":"2020-11-26T14:27:20+00:00","dateModified":"2020-12-03T13:33:59+00:00","description":"Wanneer u in een zorginstelling woont of zorg van een zorginstelling ontvangt, kan het prettig zijn wanneer iemand u en uw zaken kan vertegenwoordigen. Budgetteerwerk verzorgt mentorschap in Noord-Nederland en helpt haar cli\u00ebnten bij het nemen van beslissingen over verzorging, verpleging en behandeling. U hebt altijd te maken met \u00e9\u00e9n en dezelfde persoon die u kan helpen bij te nemen beslissingen en die u kan adviseren en bijstaan in de zorg die u wenst.","breadcrumb":{"@id":"https:\/\/www.budgetteerwerk.nl\/index.php\/mentorschap\/#breadcrumb"},"inLanguage":"nl","potentialAction":[{"@type":"ReadAction","target":["https:\/\/www.budgetteerwerk.nl\/index.php\/mentorschap\/"]}]},{"@type":"BreadcrumbList","@id":"https:\/\/www.budgetteerwerk.nl\/index.php\/mentorschap\/#breadcrumb","itemListElement":[{"@type":"ListItem","position":1,"name":"Home","item":"https:\/\/www.budgetteerwerk.nl\/"},{"@type":"ListItem","position":2,"name":"Mentorschap"}]}]}},"_links":{"self":[{"href":"https:\/\/www.budgetteerwerk.nl\/index.php\/wp-json\/wp\/v2\/pages\/2594"}],"collection":[{"href":"https:\/\/www.budgetteerwerk.nl\/index.php\/wp-json\/wp\/v2\/pages"}],"about":[{"href":"https:\/\/www.budgetteerwerk.nl\/index.php\/wp-json\/wp\/v2\/types\/page"}],"author":[{"embeddable":true,"href":"https:\/\/www.budgetteerwerk.nl\/index.php\/wp-json\/wp\/v2\/users\/1"}],"replies":[{"embeddable":true,"href":"https:\/\/www.budgetteerwerk.nl\/index.php\/wp-json\/wp\/v2\/comments?post=2594"}],"version-history":[{"count":2,"href":"https:\/\/www.budgetteerwerk.nl\/index.php\/wp-json\/wp\/v2\/pages\/2594\/revisions"}],"predecessor-version":[{"id":2634,"href":"https:\/\/www.budgetteerwerk.nl\/index.php\/wp-json\/wp\/v2\/pages\/2594\/revisions\/2634"}],"wp:attachment":[{"href":"https:\/\/www.budgetteerwerk.nl\/index.php\/wp-json\/wp\/v2\/media?parent=2594"}],"curies":[{"name":"wp","href":"https:\/\/api.w.org\/{rel}","templated":true}]}}